{"id":84,"date":"2022-10-01T22:18:44","date_gmt":"2022-10-01T20:18:44","guid":{"rendered":"http:\/\/foyer.test\/index.php\/apres-midi-dansants\/"},"modified":"2025-10-22T18:35:49","modified_gmt":"2025-10-22T16:35:49","slug":"apres-midi-dansants","status":"publish","type":"page","link":"https:\/\/foyer-laique-verfeil.fr\/index.php\/apres-midi-dansants\/","title":{"rendered":"Apr\u00e8s-midi dansants SAISON 2025 \/ 2026"},"content":{"rendered":"\n<div class=\"wp-block-columns is-layout-flex wp-container-core-columns-is-layout-9d6595d7 wp-block-columns-is-layout-flex\">\n<div class=\"wp-block-column is-layout-flow wp-block-column-is-layout-flow\" style=\"flex-basis:100%\">\n<h4 class=\"wp-block-heading has-text-align-center has-vivid-red-color has-text-color has-background has-small-font-size\" style=\"background-color:#f5ebb066\">Un cours d&rsquo;essai vous permet de tester toutes nos activit\u00e9s.<br><strong><em>Votre adh\u00e9sion au Foyer (20\u20ac\/saison) est personnelle et donne acc\u00e8s \u00e0 toutes nos activit\u00e9s.<\/em><\/strong><\/h4>\n\n\n\n<h4 class=\"wp-block-heading has-text-align-center has-text-color has-background has-link-color has-medium-font-size wp-elements-30d154c7280b190359afe9eed9b3c9ea\" style=\"color:#d73131;background-color:#acfb3366\"><em>S\u00c9ANCE DU 24 OCTOBRE ANNUL\u00c9E<\/em><br> REPORT\u00c9E AU 31 OCTOBRE<\/h4>\n\n\n\n<div class=\"wp-block-columns is-layout-flex wp-container-core-columns-is-layout-9d6595d7 wp-block-columns-is-layout-flex\">\n<div class=\"wp-block-column has-pale-ocean-gradient-background has-background is-layout-flow wp-block-column-is-layout-flow\" style=\"flex-basis:40%\">\n<h4 class=\"wp-block-heading\">Agenda Apr\u00e8s-Midi DANSANT<\/h4>\n\n\n\n<iframe loading=\"lazy\" src=\"https:\/\/calendar.google.com\/calendar\/embed?src=3a4a04a78138ce2a56eac724d9f32313d316675ba84ca8dace2022bdcd8c7d12%40group.calendar.google.com&#038;ctz=Europe%2FParis\" style=\"border: 0\" width=\"800\" height=\"600\" frameborder=\"0\" scrolling=\"no\"><\/iframe>\n<\/div>\n\n\n\n<div class=\"wp-block-column has-background is-layout-flow wp-block-column-is-layout-flow\" style=\"background-color:#fcb90036;flex-basis:20%\">\n<h4 class=\"wp-block-heading has-text-align-center\">Infos Activit\u00e9<\/h4>\n\n\n\n<p class=\"has-text-align-center has-text-color\" style=\"color:#b71414\"><strong><em>RDV <\/em>: <\/strong><br><em><strong>3\u00e8me Vendredi du Mois <\/strong><br><strong>de 14H30 \u00e0 17H<\/strong><\/em><br><em>hors vacances scolaires<\/em><em><strong><br>Salle du Foyer<\/strong><\/em><\/p>\n\n\n\n<p class=\"has-text-align-center has-text-color\" style=\"color:#16117b\"><strong><em>Contact :<br>Claude VILESPY<br>06 86 27 57 03<\/em><\/strong><\/p>\n\n\n\n<p class=\"has-text-align-center has-text-color\" style=\"color:#129c14\"><strong>R\u00e9serv\u00e9 aux adh\u00e9rents<\/strong><\/p>\n\n\n\n<p class=\"has-text-align-center has-vivid-red-color has-text-color has-medium-font-size\"><strong>PROCHAIN<\/strong><br><strong>RENDEZ-VOUS <\/strong><br><strong><em>Vendredi <\/em>26 Septembre \u00e0 14H30<br><\/strong><\/p>\n<\/div>\n\n\n\n<div class=\"wp-block-column has-pale-ocean-gradient-background has-background is-layout-flow wp-block-column-is-layout-flow\" style=\"flex-basis:40%\">\n<h4 class=\"wp-block-heading\">Comment venir au foyer ?<\/h4>\n\n\n\n<iframe src=\"https:\/\/www.google.com\/maps\/embed?pb=!1m18!1m12!1m3!1d2886.4609011493276!2d1.6619259154979529!3d43.65938337912113!2m3!1f0!2f0!3f0!3m2!1i1024!2i768!4f13.1!3m3!1m2!1s0xb73404760218077%3A0xed2cdbc176974289!2sFOYER%20LAIQUE!5e0!3m2!1sfr!2sfr!4v1664627997095!5m2!1sfr!2sfr\" style=\"border:0;\" allowfullscreen=\"\" loading=\"lazy\" referrerpolicy=\"no-referrer-when-downgrade\" width=\"600\" height=\"450\"><\/iframe>\n<\/div>\n<\/div>\n\n\n\n<hr class=\"wp-block-separator has-alpha-channel-opacity\"\/>\n\n\n\n<h2 class=\"wp-block-heading has-background\" style=\"background-color:#cffa8e8c\">C&rsquo;\u00e9tait la saison 2024 \/ 2025&#8230;<\/h2>\n\n\n\n<div class=\"wp-block-columns is-layout-flex wp-container-core-columns-is-layout-9d6595d7 wp-block-columns-is-layout-flex\">\n<div class=\"wp-block-column is-layout-flow wp-block-column-is-layout-flow\" style=\"flex-basis:33.33%\">\n<h4 class=\"wp-block-heading has-text-align-center\"><br><br><br>Appr\u00e9cier l&rsquo;ambiance de cet atelier en regardant cette vid\u00e9o<br><br><\/h4>\n<\/div>\n\n\n\n<div class=\"wp-block-column is-layout-flow wp-block-column-is-layout-flow\" style=\"flex-basis:66.66%\">\n<figure class=\"wp-block-video\"><video height=\"480\" style=\"aspect-ratio: 848 \/ 480;\" width=\"848\" controls src=\"https:\/\/foyer-laique-verfeil.fr\/wp-content\/uploads\/2025\/06\/WhatsApp-Video-2025-06-30-a-10.40.09_abf43bec-1.mp4\"><\/video><\/figure>\n<\/div>\n<\/div>\n\n\n\n<h2 class=\"wp-block-heading has-background\" style=\"background-color:#cffa8e8c\">C&rsquo;\u00e9tait la saison 2023 \/ 2024&#8230;<\/h2>\n\n\n\n<p class=\"has-text-align-center has-medium-font-size\"><strong><em>Nous ajouterons une s\u00e9ance suppl\u00e9mentaire le 1er vendredi du mois si la fr\u00e9quentation le n\u00e9cessite .<\/em><\/strong><br><strong><em>Les s\u00e9ances sont gratuites ( petite participation au go\u00fbter de 2\u20ac). <br>La carte du foyer est obligatoire.<br>La premi\u00e8re s\u00e9ance est une s\u00e9ance d&rsquo;essai pour ceux qui sont peut-\u00eatre int\u00e9ress\u00e9s.<\/em><\/strong><\/p>\n\n\n\n<div class=\"wp-block-columns is-layout-flex wp-container-core-columns-is-layout-9d6595d7 wp-block-columns-is-layout-flex\">\n<div class=\"wp-block-column is-vertically-aligned-top is-layout-flow wp-block-column-is-layout-flow\">\n<div class=\"wp-block-columns is-layout-flex wp-container-core-columns-is-layout-9d6595d7 wp-block-columns-is-layout-flex\">\n<div class=\"wp-block-column is-layout-flow wp-block-column-is-layout-flow\" style=\"flex-basis:100%\">\n<div class=\"wp-block-columns is-layout-flex wp-container-core-columns-is-layout-9d6595d7 wp-block-columns-is-layout-flex\">\n<div class=\"wp-block-column is-layout-flow wp-block-column-is-layout-flow\" style=\"flex-basis:100%\">\n<p class=\"has-vivid-red-color has-text-color has-background has-medium-font-size\" style=\"background-color:#ffffff08;letter-spacing:2px\">La saison derni\u00e8re cette activit\u00e9 a \u00e9t\u00e9 propos\u00e9e temporairement.  Essai transform\u00e9 avec une participation cons\u00e9quente et assidue. Cette ann\u00e9e nous p\u00e9rennisons cet atelier avec  <strong><mark style=\"background-color:#d2f1c9\" class=\"has-inline-color\">2 rendez-vous<\/mark><\/strong> mensuels, les premiers et troisi\u00e8mes vendredi du mois, hors vacances scolaires.<\/p>\n<\/div>\n<\/div>\n<\/div>\n<\/div>\n<\/div>\n\n\n\n<div class=\"wp-block-column is-vertically-aligned-top has-black-color has-text-color is-layout-flow wp-block-column-is-layout-flow\" style=\"flex-basis:20%\">\n<p class=\"has-text-align-center\"><strong><u>Contact infos et inscriptions<\/u><\/strong><\/p>\n\n\n\n<p class=\"has-text-align-center\"><strong><em>Claude VILESPY<\/em><\/strong><\/p>\n\n\n\n<p class=\"has-text-align-center\"><strong><em>06 86 27 57 03<\/em><\/strong><\/p>\n\n\n\n<p class=\"has-text-align-center has-background\" style=\"background-color:#fcb9002e\"><strong><em>RYTHME <\/em><\/strong><br><strong><em>DES COURS<\/em><\/strong><br>1<sup>er<\/sup> vendredi <br>du mois Groupe 1<br><br>3<sup>\u00e8me<\/sup> vendredi <br>du mois Groupe 2<br>Salle du Foyer<\/p>\n<\/div>\n<\/div>\n<\/div>\n<\/div>\n\n\n\n<div class=\"wp-block-columns is-layout-flex wp-container-core-columns-is-layout-9d6595d7 wp-block-columns-is-layout-flex\">\n<div class=\"wp-block-column is-layout-flow wp-block-column-is-layout-flow\" style=\"flex-basis:25%\">\n<div style=\"height:100px\" aria-hidden=\"true\" class=\"wp-block-spacer\"><\/div>\n\n\n\n<p class=\"has-text-color\" style=\"color:#3e159f;font-size:24px\"><strong><em>Voici quelques clich\u00e9s pour vous donner une id\u00e9e de l&rsquo;ambiance et, qui sait, vous donner envie de vous inscrire \u00e0 cette activit\u00e9.<\/em><\/strong><\/p>\n<\/div>\n\n\n\n<div class=\"wp-block-column is-layout-flow wp-block-column-is-layout-flow\" style=\"flex-basis:66%\">\n<figure class=\"wp-block-gallery has-nested-images columns-4 is-cropped wp-block-gallery-1 is-layout-flex wp-block-gallery-is-layout-flex\">\n<figure class=\"wp-block-image size-thumbnail\"><a href=\"https:\/\/foyer-laique-verfeil.fr\/wp-content\/uploads\/2022\/10\/4250445022628175665.jpg\" data-lbwps-gid=\"2\" data-lbwps-width=\"756\" data-lbwps-height=\"1008\" data-lbwps-srcsmall=\"https:\/\/foyer-laique-verfeil.fr\/wp-content\/uploads\/2022\/10\/4250445022628175665-225x300.jpg\"><img loading=\"lazy\" decoding=\"async\" width=\"150\" height=\"150\" data-id=\"900\" src=\"https:\/\/foyer-laique-verfeil.fr\/wp-content\/uploads\/2022\/10\/4250445022628175665-150x150.jpg\" alt=\"\" class=\"wp-image-900\" srcset=\"https:\/\/foyer-laique-verfeil.fr\/wp-content\/uploads\/2022\/10\/4250445022628175665-150x150.jpg 150w, https:\/\/foyer-laique-verfeil.fr\/wp-content\/uploads\/2022\/10\/4250445022628175665-300x300.jpg 300w, https:\/\/foyer-laique-verfeil.fr\/wp-content\/uploads\/2022\/10\/4250445022628175665-75x75.jpg 75w\" sizes=\"auto, (max-width: 150px) 100vw, 150px\" \/><\/a><\/figure>\n\n\n\n<figure class=\"wp-block-image size-thumbnail\"><a href=\"https:\/\/foyer-laique-verfeil.fr\/wp-content\/uploads\/2023\/07\/vendredi-danse-12.jpg\" data-lbwps-gid=\"2\" data-lbwps-width=\"4032\" data-lbwps-height=\"3024\" data-lbwps-srcsmall=\"https:\/\/foyer-laique-verfeil.fr\/wp-content\/uploads\/2023\/07\/vendredi-danse-12-300x225.jpg\"><img loading=\"lazy\" decoding=\"async\" width=\"150\" height=\"150\" data-id=\"2318\" src=\"https:\/\/foyer-laique-verfeil.fr\/wp-content\/uploads\/2023\/07\/vendredi-danse-12-150x150.jpg\" alt=\"\" class=\"wp-image-2318\" srcset=\"https:\/\/foyer-laique-verfeil.fr\/wp-content\/uploads\/2023\/07\/vendredi-danse-12-150x150.jpg 150w, https:\/\/foyer-laique-verfeil.fr\/wp-content\/uploads\/2023\/07\/vendredi-danse-12-300x300.jpg 300w, https:\/\/foyer-laique-verfeil.fr\/wp-content\/uploads\/2023\/07\/vendredi-danse-12-75x75.jpg 75w\" sizes=\"auto, (max-width: 150px) 100vw, 150px\" \/><\/a><\/figure>\n\n\n\n<figure class=\"wp-block-image size-thumbnail\"><a href=\"https:\/\/foyer-laique-verfeil.fr\/wp-content\/uploads\/2023\/07\/vendredi-danse-10.jpg\" data-lbwps-gid=\"2\" data-lbwps-width=\"4032\" data-lbwps-height=\"3024\" data-lbwps-srcsmall=\"https:\/\/foyer-laique-verfeil.fr\/wp-content\/uploads\/2023\/07\/vendredi-danse-10-300x225.jpg\"><img loading=\"lazy\" decoding=\"async\" width=\"150\" height=\"150\" data-id=\"2317\" src=\"https:\/\/foyer-laique-verfeil.fr\/wp-content\/uploads\/2023\/07\/vendredi-danse-10-150x150.jpg\" alt=\"\" class=\"wp-image-2317\" srcset=\"https:\/\/foyer-laique-verfeil.fr\/wp-content\/uploads\/2023\/07\/vendredi-danse-10-150x150.jpg 150w, https:\/\/foyer-laique-verfeil.fr\/wp-content\/uploads\/2023\/07\/vendredi-danse-10-300x300.jpg 300w, https:\/\/foyer-laique-verfeil.fr\/wp-content\/uploads\/2023\/07\/vendredi-danse-10-75x75.jpg 75w\" sizes=\"auto, (max-width: 150px) 100vw, 150px\" \/><\/a><\/figure>\n\n\n\n<figure class=\"wp-block-image size-thumbnail\"><a href=\"https:\/\/foyer-laique-verfeil.fr\/wp-content\/uploads\/2023\/07\/vendredi-danse-8.jpg\" data-lbwps-gid=\"2\" data-lbwps-width=\"4032\" data-lbwps-height=\"3024\" data-lbwps-srcsmall=\"https:\/\/foyer-laique-verfeil.fr\/wp-content\/uploads\/2023\/07\/vendredi-danse-8-300x225.jpg\"><img loading=\"lazy\" decoding=\"async\" width=\"150\" height=\"150\" data-id=\"2316\" src=\"https:\/\/foyer-laique-verfeil.fr\/wp-content\/uploads\/2023\/07\/vendredi-danse-8-150x150.jpg\" alt=\"\" class=\"wp-image-2316\" srcset=\"https:\/\/foyer-laique-verfeil.fr\/wp-content\/uploads\/2023\/07\/vendredi-danse-8-150x150.jpg 150w, https:\/\/foyer-laique-verfeil.fr\/wp-content\/uploads\/2023\/07\/vendredi-danse-8-300x300.jpg 300w, https:\/\/foyer-laique-verfeil.fr\/wp-content\/uploads\/2023\/07\/vendredi-danse-8-75x75.jpg 75w\" sizes=\"auto, (max-width: 150px) 100vw, 150px\" \/><\/a><\/figure>\n\n\n\n<figure class=\"wp-block-image size-thumbnail\"><a href=\"https:\/\/foyer-laique-verfeil.fr\/wp-content\/uploads\/2023\/07\/vendredi-danse-7.jpg\" data-lbwps-gid=\"2\" data-lbwps-width=\"4032\" data-lbwps-height=\"3024\" data-lbwps-srcsmall=\"https:\/\/foyer-laique-verfeil.fr\/wp-content\/uploads\/2023\/07\/vendredi-danse-7-300x225.jpg\"><img loading=\"lazy\" decoding=\"async\" width=\"150\" height=\"150\" data-id=\"2315\" src=\"https:\/\/foyer-laique-verfeil.fr\/wp-content\/uploads\/2023\/07\/vendredi-danse-7-150x150.jpg\" alt=\"\" class=\"wp-image-2315\" srcset=\"https:\/\/foyer-laique-verfeil.fr\/wp-content\/uploads\/2023\/07\/vendredi-danse-7-150x150.jpg 150w, https:\/\/foyer-laique-verfeil.fr\/wp-content\/uploads\/2023\/07\/vendredi-danse-7-300x300.jpg 300w, https:\/\/foyer-laique-verfeil.fr\/wp-content\/uploads\/2023\/07\/vendredi-danse-7-75x75.jpg 75w\" sizes=\"auto, (max-width: 150px) 100vw, 150px\" \/><\/a><\/figure>\n\n\n\n<figure class=\"wp-block-image size-thumbnail\"><a href=\"https:\/\/foyer-laique-verfeil.fr\/wp-content\/uploads\/2023\/07\/vendredi-danse-6.jpg\" data-lbwps-gid=\"2\" data-lbwps-width=\"4032\" data-lbwps-height=\"3024\" data-lbwps-srcsmall=\"https:\/\/foyer-laique-verfeil.fr\/wp-content\/uploads\/2023\/07\/vendredi-danse-6-300x225.jpg\"><img loading=\"lazy\" decoding=\"async\" width=\"150\" height=\"150\" data-id=\"2314\" src=\"https:\/\/foyer-laique-verfeil.fr\/wp-content\/uploads\/2023\/07\/vendredi-danse-6-150x150.jpg\" alt=\"\" class=\"wp-image-2314\" srcset=\"https:\/\/foyer-laique-verfeil.fr\/wp-content\/uploads\/2023\/07\/vendredi-danse-6-150x150.jpg 150w, https:\/\/foyer-laique-verfeil.fr\/wp-content\/uploads\/2023\/07\/vendredi-danse-6-300x300.jpg 300w, https:\/\/foyer-laique-verfeil.fr\/wp-content\/uploads\/2023\/07\/vendredi-danse-6-75x75.jpg 75w\" sizes=\"auto, (max-width: 150px) 100vw, 150px\" \/><\/a><\/figure>\n\n\n\n<figure class=\"wp-block-image size-thumbnail\"><a href=\"https:\/\/foyer-laique-verfeil.fr\/wp-content\/uploads\/2023\/07\/vendredi-danse-5.jpg\" data-lbwps-gid=\"2\" data-lbwps-width=\"3024\" data-lbwps-height=\"4032\" data-lbwps-srcsmall=\"https:\/\/foyer-laique-verfeil.fr\/wp-content\/uploads\/2023\/07\/vendredi-danse-5.jpg\"><img loading=\"lazy\" decoding=\"async\" width=\"150\" height=\"150\" data-id=\"2313\" src=\"https:\/\/foyer-laique-verfeil.fr\/wp-content\/uploads\/2023\/07\/vendredi-danse-5-150x150.jpg\" alt=\"\" class=\"wp-image-2313\" srcset=\"https:\/\/foyer-laique-verfeil.fr\/wp-content\/uploads\/2023\/07\/vendredi-danse-5-150x150.jpg 150w, https:\/\/foyer-laique-verfeil.fr\/wp-content\/uploads\/2023\/07\/vendredi-danse-5-300x300.jpg 300w, https:\/\/foyer-laique-verfeil.fr\/wp-content\/uploads\/2023\/07\/vendredi-danse-5-75x75.jpg 75w\" sizes=\"auto, (max-width: 150px) 100vw, 150px\" \/><\/a><\/figure>\n\n\n\n<figure class=\"wp-block-image size-thumbnail\"><a href=\"https:\/\/foyer-laique-verfeil.fr\/wp-content\/uploads\/2023\/07\/vendredi-danse-4.jpg\" data-lbwps-gid=\"2\" data-lbwps-width=\"3024\" data-lbwps-height=\"4032\" data-lbwps-srcsmall=\"https:\/\/foyer-laique-verfeil.fr\/wp-content\/uploads\/2023\/07\/vendredi-danse-4.jpg\"><img loading=\"lazy\" decoding=\"async\" width=\"150\" height=\"150\" data-id=\"2312\" src=\"https:\/\/foyer-laique-verfeil.fr\/wp-content\/uploads\/2023\/07\/vendredi-danse-4-150x150.jpg\" alt=\"\" class=\"wp-image-2312\" srcset=\"https:\/\/foyer-laique-verfeil.fr\/wp-content\/uploads\/2023\/07\/vendredi-danse-4-150x150.jpg 150w, https:\/\/foyer-laique-verfeil.fr\/wp-content\/uploads\/2023\/07\/vendredi-danse-4-300x300.jpg 300w, https:\/\/foyer-laique-verfeil.fr\/wp-content\/uploads\/2023\/07\/vendredi-danse-4-75x75.jpg 75w\" sizes=\"auto, (max-width: 150px) 100vw, 150px\" \/><\/a><\/figure>\n\n\n\n<figure class=\"wp-block-image size-thumbnail\"><a href=\"https:\/\/foyer-laique-verfeil.fr\/wp-content\/uploads\/2023\/07\/vendredi-danse-3.jpg\" data-lbwps-gid=\"2\" data-lbwps-width=\"3024\" data-lbwps-height=\"4032\" data-lbwps-srcsmall=\"https:\/\/foyer-laique-verfeil.fr\/wp-content\/uploads\/2023\/07\/vendredi-danse-3.jpg\"><img loading=\"lazy\" decoding=\"async\" width=\"150\" height=\"150\" data-id=\"2311\" src=\"https:\/\/foyer-laique-verfeil.fr\/wp-content\/uploads\/2023\/07\/vendredi-danse-3-150x150.jpg\" alt=\"\" class=\"wp-image-2311\" srcset=\"https:\/\/foyer-laique-verfeil.fr\/wp-content\/uploads\/2023\/07\/vendredi-danse-3-150x150.jpg 150w, https:\/\/foyer-laique-verfeil.fr\/wp-content\/uploads\/2023\/07\/vendredi-danse-3-300x300.jpg 300w, https:\/\/foyer-laique-verfeil.fr\/wp-content\/uploads\/2023\/07\/vendredi-danse-3-75x75.jpg 75w\" sizes=\"auto, (max-width: 150px) 100vw, 150px\" \/><\/a><\/figure>\n\n\n\n<figure class=\"wp-block-image size-thumbnail\"><a href=\"https:\/\/foyer-laique-verfeil.fr\/wp-content\/uploads\/2023\/07\/vendredi-danse-2.jpg\" data-lbwps-gid=\"2\" data-lbwps-width=\"4032\" data-lbwps-height=\"3024\" data-lbwps-srcsmall=\"https:\/\/foyer-laique-verfeil.fr\/wp-content\/uploads\/2023\/07\/vendredi-danse-2-300x225.jpg\"><img loading=\"lazy\" decoding=\"async\" width=\"150\" height=\"150\" data-id=\"2310\" src=\"https:\/\/foyer-laique-verfeil.fr\/wp-content\/uploads\/2023\/07\/vendredi-danse-2-150x150.jpg\" alt=\"\" class=\"wp-image-2310\" srcset=\"https:\/\/foyer-laique-verfeil.fr\/wp-content\/uploads\/2023\/07\/vendredi-danse-2-150x150.jpg 150w, https:\/\/foyer-laique-verfeil.fr\/wp-content\/uploads\/2023\/07\/vendredi-danse-2-300x300.jpg 300w, https:\/\/foyer-laique-verfeil.fr\/wp-content\/uploads\/2023\/07\/vendredi-danse-2-75x75.jpg 75w\" sizes=\"auto, (max-width: 150px) 100vw, 150px\" \/><\/a><\/figure>\n\n\n\n<figure class=\"wp-block-image size-thumbnail\"><a href=\"https:\/\/foyer-laique-verfeil.fr\/wp-content\/uploads\/2023\/07\/vendredi-dans-9.jpg\" data-lbwps-gid=\"2\" data-lbwps-width=\"4032\" data-lbwps-height=\"3024\" data-lbwps-srcsmall=\"https:\/\/foyer-laique-verfeil.fr\/wp-content\/uploads\/2023\/07\/vendredi-dans-9-300x225.jpg\"><img loading=\"lazy\" decoding=\"async\" width=\"150\" height=\"150\" data-id=\"2309\" src=\"https:\/\/foyer-laique-verfeil.fr\/wp-content\/uploads\/2023\/07\/vendredi-dans-9-150x150.jpg\" alt=\"\" class=\"wp-image-2309\" srcset=\"https:\/\/foyer-laique-verfeil.fr\/wp-content\/uploads\/2023\/07\/vendredi-dans-9-150x150.jpg 150w, https:\/\/foyer-laique-verfeil.fr\/wp-content\/uploads\/2023\/07\/vendredi-dans-9-300x300.jpg 300w, https:\/\/foyer-laique-verfeil.fr\/wp-content\/uploads\/2023\/07\/vendredi-dans-9-75x75.jpg 75w\" sizes=\"auto, (max-width: 150px) 100vw, 150px\" \/><\/a><\/figure>\n\n\n\n<figure class=\"wp-block-image size-thumbnail\"><a href=\"https:\/\/foyer-laique-verfeil.fr\/wp-content\/uploads\/2023\/07\/vendredi-dans-1.jpg\" data-lbwps-gid=\"2\" data-lbwps-width=\"4032\" data-lbwps-height=\"3024\" data-lbwps-srcsmall=\"https:\/\/foyer-laique-verfeil.fr\/wp-content\/uploads\/2023\/07\/vendredi-dans-1-300x225.jpg\"><img loading=\"lazy\" decoding=\"async\" width=\"150\" height=\"150\" data-id=\"2308\" src=\"https:\/\/foyer-laique-verfeil.fr\/wp-content\/uploads\/2023\/07\/vendredi-dans-1-150x150.jpg\" alt=\"\" class=\"wp-image-2308\" srcset=\"https:\/\/foyer-laique-verfeil.fr\/wp-content\/uploads\/2023\/07\/vendredi-dans-1-150x150.jpg 150w, https:\/\/foyer-laique-verfeil.fr\/wp-content\/uploads\/2023\/07\/vendredi-dans-1-300x300.jpg 300w, https:\/\/foyer-laique-verfeil.fr\/wp-content\/uploads\/2023\/07\/vendredi-dans-1-75x75.jpg 75w\" sizes=\"auto, (max-width: 150px) 100vw, 150px\" \/><\/a><\/figure>\n<\/figure>\n<\/div>\n<\/div>\n\n\n\n<div class=\"wp-block-columns is-layout-flex wp-container-core-columns-is-layout-9d6595d7 wp-block-columns-is-layout-flex\"><\/div>\n","protected":false},"excerpt":{"rendered":"<p>Un cours d&rsquo;essai vous permet de tester toutes nos activit\u00e9s.Votre adh\u00e9sion au Foyer (20\u20ac\/saison) est personnelle et donne acc\u00e8s \u00e0 toutes nos activit\u00e9s. S\u00c9ANCE DU 24 OCTOBRE ANNUL\u00c9E REPORT\u00c9E AU 31 OCTOBRE Agenda Apr\u00e8s-Midi DANSANT Infos Activit\u00e9 RDV : 3\u00e8me Vendredi du Mois de 14H30 \u00e0 17Hhors vacances scolairesSalle du Foyer Contact :Claude VILESPY06 86 27 57 03 R\u00e9serv\u00e9 aux adh\u00e9rents PROCHAINRENDEZ-VOUS Vendredi 26 Septembre \u00e0 14H30 Comment venir au foyer ? C&rsquo;\u00e9tait la saison 2024 \/ 2025&#8230; Appr\u00e9cier l&rsquo;ambiance de cet atelier en regardant cette vid\u00e9o C&rsquo;\u00e9tait la saison 2023 \/ 2024&#8230; Nous ajouterons une s\u00e9ance suppl\u00e9mentaire le 1er vendredi du mois si la fr\u00e9quentation le n\u00e9cessite .Les s\u00e9ances sont gratuites ( petite participation au go\u00fbter de 2\u20ac). La carte du foyer est obligatoire.La premi\u00e8re s\u00e9ance est une s\u00e9ance d&rsquo;essai pour ceux qui sont peut-\u00eatre int\u00e9ress\u00e9s. La saison derni\u00e8re cette activit\u00e9 a \u00e9t\u00e9 propos\u00e9e temporairement. Essai transform\u00e9 avec une participation cons\u00e9quente et assidue. Cette ann\u00e9e nous p\u00e9rennisons cet atelier avec 2 rendez-vous mensuels, les premiers et troisi\u00e8mes vendredi du mois, hors vacances scolaires. Contact infos et inscriptions Claude VILESPY 06 86 27 57 03 RYTHME DES COURS1er vendredi du mois Groupe 1 3\u00e8me vendredi du mois Groupe 2Salle du Foyer Voici quelques clich\u00e9s pour vous donner une id\u00e9e de l&rsquo;ambiance et, qui sait, vous donner envie de vous inscrire \u00e0 cette activit\u00e9.<\/p>\n","protected":false},"author":1,"featured_media":0,"parent":0,"menu_order":0,"comment_status":"closed","ping_status":"closed","template":"","meta":{"footnotes":""},"class_list":["post-84","page","type-page","status-publish","hentry"],"_links":{"self":[{"href":"https:\/\/foyer-laique-verfeil.fr\/index.php\/wp-json\/wp\/v2\/pages\/84","targetHints":{"allow":["GET"]}}],"collection":[{"href":"https:\/\/foyer-laique-verfeil.fr\/index.php\/wp-json\/wp\/v2\/pages"}],"about":[{"href":"https:\/\/foyer-laique-verfeil.fr\/index.php\/wp-json\/wp\/v2\/types\/page"}],"author":[{"embeddable":true,"href":"https:\/\/foyer-laique-verfeil.fr\/index.php\/wp-json\/wp\/v2\/users\/1"}],"replies":[{"embeddable":true,"href":"https:\/\/foyer-laique-verfeil.fr\/index.php\/wp-json\/wp\/v2\/comments?post=84"}],"version-history":[{"count":79,"href":"https:\/\/foyer-laique-verfeil.fr\/index.php\/wp-json\/wp\/v2\/pages\/84\/revisions"}],"predecessor-version":[{"id":39837,"href":"https:\/\/foyer-laique-verfeil.fr\/index.php\/wp-json\/wp\/v2\/pages\/84\/revisions\/39837"}],"wp:attachment":[{"href":"https:\/\/foyer-laique-verfeil.fr\/index.php\/wp-json\/wp\/v2\/media?parent=84"}],"curies":[{"name":"wp","href":"https:\/\/api.w.org\/{rel}","templated":true}]}}