{"id":48,"date":"2022-10-01T22:10:22","date_gmt":"2022-10-01T20:10:22","guid":{"rendered":"http:\/\/foyer.test\/?page_id=48"},"modified":"2025-08-27T17:29:58","modified_gmt":"2025-08-27T15:29:58","slug":"memoire","status":"publish","type":"page","link":"https:\/\/foyer-laique-verfeil.fr\/index.php\/memoire\/","title":{"rendered":"M\u00e9moire SAISON 2025 \/ 2026"},"content":{"rendered":"\n<h4 class=\"wp-block-heading has-text-align-center has-vivid-red-color has-text-color has-background has-small-font-size\" style=\"background-color:#f5ebb066\">Un cours d&rsquo;essai vous permet de tester toutes nos activit\u00e9s.<br><strong><em>Votre adh\u00e9sion au Foyer (20\u20ac\/saison) est personnelle et donne acc\u00e8s \u00e0 toutes nos activit\u00e9s.<\/em><\/strong><\/h4>\n\n\n\n<h4 class=\"wp-block-heading has-text-align-center\"><em>PREMIER RENDEZ-VOUS MERCREDI 01 Octobre 2025<\/em> pour les 2 groupes<\/h4>\n\n\n\n<div class=\"wp-block-columns is-layout-flex wp-container-core-columns-is-layout-9d6595d7 wp-block-columns-is-layout-flex\">\n<div class=\"wp-block-column has-pale-ocean-gradient-background has-background is-layout-flow wp-block-column-is-layout-flow\" style=\"flex-basis:40%\">\n<h4 class=\"wp-block-heading\">Agenda M\u00e9moire<\/h4>\n\n\n\n<iframe loading=\"lazy\" src=\"https:\/\/calendar.google.com\/calendar\/embed?src=3a4a04a78138ce2a56eac724d9f32313d316675ba84ca8dace2022bdcd8c7d12%40group.calendar.google.com&#038;ctz=Europe%2FParis\" style=\"border: 0\" width=\"800\" height=\"600\" frameborder=\"0\" scrolling=\"no\"><\/iframe>\n<\/div>\n\n\n\n<div class=\"wp-block-column has-background is-layout-flow wp-block-column-is-layout-flow\" style=\"background-color:#fcb90036;flex-basis:20%\">\n<h4 class=\"wp-block-heading has-text-align-center\">Infos Activit\u00e9<\/h4>\n\n\n\n<p class=\"has-text-align-center has-text-color\" style=\"color:#b71414\"><strong>2 Groupes :<\/strong><br><strong>1 Lundi tous les 15 jours<br>de 9H30 \u00e0 11H30<\/strong><br><strong>1 Mercredi tous les 15 jours<br>de 14H30 \u00e0 16H30<br>Salle du Foyer<\/strong><\/p>\n\n\n\n<p class=\"has-text-align-center has-text-color\" style=\"color:#16117b\"><strong><em>Contact :<br>Andr\u00e9e LAHORE<\/em><\/strong><br><strong><em>05 61 35 63 50<\/em><\/strong><\/p>\n\n\n\n<p class=\"has-text-align-center has-vivid-red-color has-text-color\"><strong><em>Intervenante<br>Catherine GEINDRE<br>Psychologue Clinicienne<\/em><\/strong><\/p>\n\n\n\n<p class=\"has-text-align-center has-text-color\" style=\"color:#129c14\"><em><strong>TARIF ANNUEL :<\/strong><\/em><br><em><strong> 135\u20ac (15 S\u00e9ances)<\/strong><\/em><\/p>\n<\/div>\n\n\n\n<div class=\"wp-block-column has-pale-ocean-gradient-background has-background is-layout-flow wp-block-column-is-layout-flow\" style=\"flex-basis:40%\">\n<h4 class=\"wp-block-heading\">Comment venir au foyer ?<\/h4>\n\n\n\n<iframe src=\"https:\/\/www.google.com\/maps\/embed?pb=!1m18!1m12!1m3!1d2886.4609011493276!2d1.6619259154979529!3d43.65938337912113!2m3!1f0!2f0!3f0!3m2!1i1024!2i768!4f13.1!3m3!1m2!1s0xb73404760218077%3A0xed2cdbc176974289!2sFOYER%20LAIQUE!5e0!3m2!1sfr!2sfr!4v1664627997095!5m2!1sfr!2sfr\" style=\"border:0;\" allowfullscreen=\"\" loading=\"lazy\" referrerpolicy=\"no-referrer-when-downgrade\" width=\"600\" height=\"450\"><\/iframe>\n<\/div>\n<\/div>\n\n\n\n<figure class=\"wp-block-image size-full\"><img loading=\"lazy\" decoding=\"async\" width=\"940\" height=\"788\" src=\"https:\/\/foyer-laique-verfeil.fr\/wp-content\/uploads\/2025\/08\/Marron-minimaliste-atelier-post-facebook.jpg\" alt=\"\" class=\"wp-image-39725\" srcset=\"https:\/\/foyer-laique-verfeil.fr\/wp-content\/uploads\/2025\/08\/Marron-minimaliste-atelier-post-facebook.jpg 940w, https:\/\/foyer-laique-verfeil.fr\/wp-content\/uploads\/2025\/08\/Marron-minimaliste-atelier-post-facebook-300x251.jpg 300w, https:\/\/foyer-laique-verfeil.fr\/wp-content\/uploads\/2025\/08\/Marron-minimaliste-atelier-post-facebook-768x644.jpg 768w\" sizes=\"auto, (max-width: 940px) 100vw, 940px\" \/><\/figure>\n\n\n\n<hr class=\"wp-block-separator has-alpha-channel-opacity\"\/>\n\n\n\n<h2 class=\"wp-block-heading has-text-align-center has-vivid-red-color has-text-color has-background has-link-color wp-elements-7b3398bd29e41f47a8f70029768d7d84\" style=\"background-color:#f3f9b885\">C&rsquo;\u00e9tait <em>LA SAISON 2024 \/ 202<\/em>5<\/h2>\n\n\n\n<div class=\"wp-block-columns is-layout-flex wp-container-core-columns-is-layout-9d6595d7 wp-block-columns-is-layout-flex\">\n<div class=\"wp-block-column is-layout-flow wp-block-column-is-layout-flow\" style=\"flex-basis:33.33%\">\n<h3 class=\"wp-block-heading has-text-align-center\">SORTIE TRADITIONNELLE<br>pour les 2 groupes.<br>Cette ann\u00e9e visite du Jardin des Martels.<br><\/h3>\n<\/div>\n\n\n\n<div class=\"wp-block-column is-layout-flow wp-block-column-is-layout-flow\" style=\"flex-basis:66.66%\">\n<figure class=\"wp-block-gallery has-nested-images columns-default is-cropped wp-block-gallery-1 is-layout-flex wp-block-gallery-is-layout-flex\">\n<figure class=\"wp-block-image size-large\"><a href=\"https:\/\/foyer-laique-verfeil.fr\/wp-content\/uploads\/2025\/06\/sortie3-juin-2025.jpg\" data-lbwps-gid=\"2\" data-lbwps-width=\"1200\" data-lbwps-height=\"1600\" data-lbwps-srcsmall=\"https:\/\/foyer-laique-verfeil.fr\/wp-content\/uploads\/2025\/06\/sortie3-juin-2025-225x300.jpg\"><img loading=\"lazy\" decoding=\"async\" width=\"768\" height=\"1024\" data-id=\"39551\" src=\"https:\/\/foyer-laique-verfeil.fr\/wp-content\/uploads\/2025\/06\/sortie3-juin-2025-768x1024.jpg\" alt=\"\" class=\"wp-image-39551\" srcset=\"https:\/\/foyer-laique-verfeil.fr\/wp-content\/uploads\/2025\/06\/sortie3-juin-2025-768x1024.jpg 768w, https:\/\/foyer-laique-verfeil.fr\/wp-content\/uploads\/2025\/06\/sortie3-juin-2025-225x300.jpg 225w, https:\/\/foyer-laique-verfeil.fr\/wp-content\/uploads\/2025\/06\/sortie3-juin-2025-1152x1536.jpg 1152w, https:\/\/foyer-laique-verfeil.fr\/wp-content\/uploads\/2025\/06\/sortie3-juin-2025-1140x1520.jpg 1140w, https:\/\/foyer-laique-verfeil.fr\/wp-content\/uploads\/2025\/06\/sortie3-juin-2025.jpg 1200w\" sizes=\"auto, (max-width: 768px) 100vw, 768px\" \/><\/a><\/figure>\n\n\n\n<figure class=\"wp-block-image size-large\"><a href=\"https:\/\/foyer-laique-verfeil.fr\/wp-content\/uploads\/2025\/06\/sortie2-juin-2025.jpg\" data-lbwps-gid=\"2\" data-lbwps-width=\"1200\" data-lbwps-height=\"1600\" data-lbwps-srcsmall=\"https:\/\/foyer-laique-verfeil.fr\/wp-content\/uploads\/2025\/06\/sortie2-juin-2025-225x300.jpg\"><img loading=\"lazy\" decoding=\"async\" width=\"768\" height=\"1024\" data-id=\"39550\" src=\"https:\/\/foyer-laique-verfeil.fr\/wp-content\/uploads\/2025\/06\/sortie2-juin-2025-768x1024.jpg\" alt=\"\" class=\"wp-image-39550\" srcset=\"https:\/\/foyer-laique-verfeil.fr\/wp-content\/uploads\/2025\/06\/sortie2-juin-2025-768x1024.jpg 768w, https:\/\/foyer-laique-verfeil.fr\/wp-content\/uploads\/2025\/06\/sortie2-juin-2025-225x300.jpg 225w, https:\/\/foyer-laique-verfeil.fr\/wp-content\/uploads\/2025\/06\/sortie2-juin-2025-1152x1536.jpg 1152w, https:\/\/foyer-laique-verfeil.fr\/wp-content\/uploads\/2025\/06\/sortie2-juin-2025-1140x1520.jpg 1140w, https:\/\/foyer-laique-verfeil.fr\/wp-content\/uploads\/2025\/06\/sortie2-juin-2025.jpg 1200w\" sizes=\"auto, (max-width: 768px) 100vw, 768px\" \/><\/a><\/figure>\n\n\n\n<figure class=\"wp-block-image size-large\"><a href=\"https:\/\/foyer-laique-verfeil.fr\/wp-content\/uploads\/2025\/06\/sortie-juin-2025.jpg\" data-lbwps-gid=\"2\" data-lbwps-width=\"1200\" data-lbwps-height=\"1600\" data-lbwps-srcsmall=\"https:\/\/foyer-laique-verfeil.fr\/wp-content\/uploads\/2025\/06\/sortie-juin-2025-225x300.jpg\"><img loading=\"lazy\" decoding=\"async\" width=\"768\" height=\"1024\" data-id=\"39549\" src=\"https:\/\/foyer-laique-verfeil.fr\/wp-content\/uploads\/2025\/06\/sortie-juin-2025-768x1024.jpg\" alt=\"\" class=\"wp-image-39549\" srcset=\"https:\/\/foyer-laique-verfeil.fr\/wp-content\/uploads\/2025\/06\/sortie-juin-2025-768x1024.jpg 768w, https:\/\/foyer-laique-verfeil.fr\/wp-content\/uploads\/2025\/06\/sortie-juin-2025-225x300.jpg 225w, https:\/\/foyer-laique-verfeil.fr\/wp-content\/uploads\/2025\/06\/sortie-juin-2025-1152x1536.jpg 1152w, https:\/\/foyer-laique-verfeil.fr\/wp-content\/uploads\/2025\/06\/sortie-juin-2025-1140x1520.jpg 1140w, https:\/\/foyer-laique-verfeil.fr\/wp-content\/uploads\/2025\/06\/sortie-juin-2025.jpg 1200w\" sizes=\"auto, (max-width: 768px) 100vw, 768px\" \/><\/a><\/figure>\n<\/figure>\n<\/div>\n<\/div>\n\n\n\n<h2 class=\"wp-block-heading has-text-align-center has-background\" style=\"background-color:#edf88070\">RENTR\u00c9E PR\u00c9VUE LE LUNDI 16 SEPTEMBRE 2024 A 10 H<br>R\u00e9union commune pour d\u00e9finir les groupes<\/h2>\n\n\n\n<figure class=\"wp-block-image size-full\"><img loading=\"lazy\" decoding=\"async\" width=\"940\" height=\"788\" src=\"https:\/\/foyer-laique-verfeil.fr\/wp-content\/uploads\/2024\/07\/Marron-minimaliste-atelier-post-facebook-1.png\" alt=\"\" class=\"wp-image-3237\" srcset=\"https:\/\/foyer-laique-verfeil.fr\/wp-content\/uploads\/2024\/07\/Marron-minimaliste-atelier-post-facebook-1.png 940w, https:\/\/foyer-laique-verfeil.fr\/wp-content\/uploads\/2024\/07\/Marron-minimaliste-atelier-post-facebook-1-300x251.png 300w, https:\/\/foyer-laique-verfeil.fr\/wp-content\/uploads\/2024\/07\/Marron-minimaliste-atelier-post-facebook-1-768x644.png 768w\" sizes=\"auto, (max-width: 940px) 100vw, 940px\" \/><\/figure>\n\n\n\n<div style=\"height:35px\" aria-hidden=\"true\" class=\"wp-block-spacer\"><\/div>\n\n\n\n<hr class=\"wp-block-separator has-alpha-channel-opacity\"\/>\n\n\n\n<h2 class=\"wp-block-heading has-text-align-center has-vivid-red-color has-text-color has-background has-link-color wp-elements-31bb1a4d373de02ec7ee195c22a7e5b8\" style=\"background-color:#f3f9b885\">C&rsquo;\u00e9tait <em>LA SAISON 2023 \/ 2024<\/em><\/h2>\n\n\n\n<h4 class=\"wp-block-heading\">C&rsquo;est tr\u00e8s s\u00e9rieux ? Mais non, c&rsquo;est juste pour la photo&#8230; On rigole bien et m\u00eame souvent !<\/h4>\n\n\n\n<div class=\"wp-block-columns is-layout-flex wp-container-core-columns-is-layout-9d6595d7 wp-block-columns-is-layout-flex\">\n<div class=\"wp-block-column is-layout-flow wp-block-column-is-layout-flow\">\n<figure class=\"wp-block-image size-full\"><img loading=\"lazy\" decoding=\"async\" width=\"768\" height=\"606\" src=\"https:\/\/foyer-laique-verfeil.fr\/wp-content\/uploads\/2024\/03\/6465868755782873889.jpg\" alt=\"\" class=\"wp-image-3044\" srcset=\"https:\/\/foyer-laique-verfeil.fr\/wp-content\/uploads\/2024\/03\/6465868755782873889.jpg 768w, https:\/\/foyer-laique-verfeil.fr\/wp-content\/uploads\/2024\/03\/6465868755782873889-300x237.jpg 300w\" sizes=\"auto, (max-width: 768px) 100vw, 768px\" \/><\/figure>\n<\/div>\n\n\n\n<div class=\"wp-block-column is-layout-flow wp-block-column-is-layout-flow\">\n<figure class=\"wp-block-image size-full\"><img loading=\"lazy\" decoding=\"async\" width=\"603\" height=\"640\" src=\"https:\/\/foyer-laique-verfeil.fr\/wp-content\/uploads\/2024\/03\/5243673102073451250.jpg\" alt=\"\" class=\"wp-image-3043\" srcset=\"https:\/\/foyer-laique-verfeil.fr\/wp-content\/uploads\/2024\/03\/5243673102073451250.jpg 603w, https:\/\/foyer-laique-verfeil.fr\/wp-content\/uploads\/2024\/03\/5243673102073451250-283x300.jpg 283w\" sizes=\"auto, (max-width: 603px) 100vw, 603px\" \/><\/figure>\n<\/div>\n\n\n\n<div class=\"wp-block-column is-layout-flow wp-block-column-is-layout-flow\">\n<figure class=\"wp-block-image size-full\"><img loading=\"lazy\" decoding=\"async\" width=\"768\" height=\"662\" src=\"https:\/\/foyer-laique-verfeil.fr\/wp-content\/uploads\/2024\/03\/4699485241117584212.jpg\" alt=\"\" class=\"wp-image-3042\" srcset=\"https:\/\/foyer-laique-verfeil.fr\/wp-content\/uploads\/2024\/03\/4699485241117584212.jpg 768w, https:\/\/foyer-laique-verfeil.fr\/wp-content\/uploads\/2024\/03\/4699485241117584212-300x259.jpg 300w\" sizes=\"auto, (max-width: 768px) 100vw, 768px\" \/><\/figure>\n<\/div>\n<\/div>\n\n\n\n<div style=\"height:100px\" aria-hidden=\"true\" class=\"wp-block-spacer\"><\/div>\n\n\n\n<hr class=\"wp-block-separator has-alpha-channel-opacity is-style-wide\"\/>\n\n\n\n<h2 class=\"wp-block-heading has-background\" style=\"background-color:#cffa8e8c\">C&rsquo;\u00e9tait la saison 2022 \/ 2023&#8230;<\/h2>\n\n\n\n<div class=\"wp-block-columns is-layout-flex wp-container-core-columns-is-layout-9d6595d7 wp-block-columns-is-layout-flex\">\n<div class=\"wp-block-column is-layout-flow wp-block-column-is-layout-flow\" style=\"flex-basis:40%\">\n<p class=\"has-text-align-center has-text-color\" style=\"color:#2029ad\"><strong><em>Dynamique Cerveau<\/em><\/strong><\/p>\n\n\n\n<p>Vous vous posez des questions sur votre m\u00e9moire et les possibilit\u00e9s de l&rsquo;entretenir, l&rsquo;activit\u00e9 Dynamique Cerveau peut vous soutenir dans cette d\u00e9marche. <br>Gr\u00e2ce \u00e0 l&rsquo;ambiance chaleureuse de groupe et aux apports de l&rsquo;animatrice, sp\u00e9cifiquement form\u00e9e \u00e0 la stimulation de vos neurones, vous travaillerez dans le plaisir et le jeu.<\/p>\n\n\n\n<p class=\"has-text-align-center has-text-color\" style=\"color:#1507a4\"><strong><em>Diff\u00e9rentes M\u00e9moires ?!?!<\/em><\/strong><\/p>\n\n\n\n<p>Vous pourrez apprendre le fonctionnement de nos diff\u00e9rentes m\u00e9moires, d\u00e9couvrir et utiliser des strat\u00e9gies pour en am\u00e9liorer les performances.<\/p>\n\n\n\n<p class=\"has-text-align-left has-text-color\" style=\"color:#10378d\"><strong><em>Les Outils de Cathy<\/em><\/strong><\/p>\n\n\n\n<p class=\"has-text-align-right\">&#8211; Des apports th\u00e9oriques et des strat\u00e9gies pour comprendre et am\u00e9liorer le fonctionnement de<br>notre m\u00e9moire<\/p>\n\n\n\n<p>&#8211; Des exercices vari\u00e9s et ludiques permettant de travailler la m\u00e9moire mais aussi le raisonnement, le vocabulaire, l&rsquo;attention, la cr\u00e9ativit\u00e9&#8230;<\/p>\n\n\n\n<p class=\"has-text-align-right\">&#8211; Profiter du soutien d&rsquo;un groupe et des \u00e9changes avec une animatrice, sp\u00e9cifique form\u00e9e aux m\u00e9thodes de la stimulation de vos neurones<\/p>\n\n\n\n<p>&#8211; Reprendre confiance en soi, en nos comp\u00e9tences et faciliter notre quotidien et notre rapport aux autres.<\/p>\n<\/div>\n\n\n\n<div class=\"wp-block-column is-layout-flow wp-block-column-is-layout-flow\" style=\"flex-basis:20%\">\n<p class=\"has-text-align-center\"><strong><u>Contact infos et inscriptions<\/u><\/strong><\/p>\n\n\n\n<p class=\"has-text-align-center\"><strong><em>Andr\u00e9e LAHORE<\/em><\/strong><\/p>\n\n\n\n<p class=\"has-text-align-center\"><strong><em>06 70 35 15 39<\/em><\/strong><\/p>\n\n\n\n<p class=\"has-text-align-center\"><em>TARIF : 130\u20ac \/ an<br><\/em><\/p>\n\n\n\n<hr class=\"wp-block-separator has-alpha-channel-opacity\"\/>\n\n\n\n<p class=\"has-text-align-center\"><strong><em>Intervenante <\/em><\/strong><br>Cathy GEINDRE<br>Psychologue Clinicienne<\/p>\n\n\n\n<hr class=\"wp-block-separator has-alpha-channel-opacity\"\/>\n\n\n\n<p class=\"has-text-align-center has-background\" style=\"background-color:#fcb9002e\"><strong><em>RYTHME <\/em><\/strong><br><strong><em>DES COURS<\/em><\/strong><br>Tous les 15 jours hors vacances scolaires<br>Le <strong>Lundi <\/strong><br>de 9H30 \u00e0 11H30<br>Groupe 1<br><br>Le <strong>Mardi<\/strong><br>de 14H30 \u00e0 16H30<br>Groupe 2<br>Salle du Foyer<\/p>\n<\/div>\n\n\n\n<div class=\"wp-block-column is-layout-flow wp-block-column-is-layout-flow\" style=\"flex-basis:40%\">\n<figure class=\"wp-block-image size-full\"><img loading=\"lazy\" decoding=\"async\" width=\"328\" height=\"125\" src=\"https:\/\/foyer-laique-verfeil.fr\/wp-content\/uploads\/2022\/10\/memoire.jpg\" alt=\"\" class=\"wp-image-677\" srcset=\"https:\/\/foyer-laique-verfeil.fr\/wp-content\/uploads\/2022\/10\/memoire.jpg 328w, https:\/\/foyer-laique-verfeil.fr\/wp-content\/uploads\/2022\/10\/memoire-300x114.jpg 300w\" sizes=\"auto, (max-width: 328px) 100vw, 328px\" \/><\/figure>\n\n\n\n<div style=\"height:31px\" aria-hidden=\"true\" class=\"wp-block-spacer\"><\/div>\n\n\n\n<div class=\"wp-block-columns is-layout-flex wp-container-core-columns-is-layout-9d6595d7 wp-block-columns-is-layout-flex\">\n<div class=\"wp-block-column has-pale-ocean-gradient-background has-background is-layout-flow wp-block-column-is-layout-flow\">\n<h3 class=\"wp-block-heading\">Comment venir au foyer ?<\/h3>\n<\/div>\n<\/div>\n<\/div>\n<\/div>\n\n\n\n<div class=\"wp-block-columns is-layout-flex wp-container-core-columns-is-layout-9d6595d7 wp-block-columns-is-layout-flex\"><\/div>\n","protected":false},"excerpt":{"rendered":"<p>Un cours d&rsquo;essai vous permet de tester toutes nos activit\u00e9s.Votre adh\u00e9sion au Foyer (20\u20ac\/saison) est personnelle et donne acc\u00e8s \u00e0 toutes nos activit\u00e9s. PREMIER RENDEZ-VOUS MERCREDI 01 Octobre 2025 pour les 2 groupes Agenda M\u00e9moire Infos Activit\u00e9 2 Groupes :1 Lundi tous les 15 joursde 9H30 \u00e0 11H301 Mercredi tous les 15 joursde 14H30 \u00e0 16H30Salle du Foyer Contact :Andr\u00e9e LAHORE05 61 35 63 50 IntervenanteCatherine GEINDREPsychologue Clinicienne TARIF ANNUEL : 135\u20ac (15 S\u00e9ances) Comment venir au foyer ? C&rsquo;\u00e9tait LA SAISON 2024 \/ 2025 SORTIE TRADITIONNELLEpour les 2 groupes.Cette ann\u00e9e visite du Jardin des Martels. RENTR\u00c9E PR\u00c9VUE LE LUNDI 16 SEPTEMBRE 2024 A 10 HR\u00e9union commune pour d\u00e9finir les groupes C&rsquo;\u00e9tait LA SAISON 2023 \/ 2024 C&rsquo;est tr\u00e8s s\u00e9rieux ? Mais non, c&rsquo;est juste pour la photo&#8230; On rigole bien et m\u00eame souvent ! C&rsquo;\u00e9tait la saison 2022 \/ 2023&#8230; Dynamique Cerveau Vous vous posez des questions sur votre m\u00e9moire et les possibilit\u00e9s de l&rsquo;entretenir, l&rsquo;activit\u00e9 Dynamique Cerveau peut vous soutenir dans cette d\u00e9marche. Gr\u00e2ce \u00e0 l&rsquo;ambiance chaleureuse de groupe et aux apports de l&rsquo;animatrice, sp\u00e9cifiquement form\u00e9e \u00e0 la stimulation de vos neurones, vous travaillerez dans le plaisir et le jeu. Diff\u00e9rentes M\u00e9moires ?!?! Vous pourrez apprendre le fonctionnement de nos diff\u00e9rentes m\u00e9moires, d\u00e9couvrir et utiliser des strat\u00e9gies pour en am\u00e9liorer les performances. Les Outils de Cathy &#8211; Des apports th\u00e9oriques et des strat\u00e9gies pour comprendre et am\u00e9liorer le fonctionnement denotre m\u00e9moire &#8211; Des exercices vari\u00e9s et ludiques permettant de travailler la m\u00e9moire mais aussi le raisonnement, le vocabulaire, l&rsquo;attention, la cr\u00e9ativit\u00e9&#8230; &#8211; Profiter du soutien d&rsquo;un groupe et des \u00e9changes avec une animatrice, sp\u00e9cifique form\u00e9e aux m\u00e9thodes de la stimulation de vos neurones &#8211; Reprendre confiance en soi, en nos comp\u00e9tences et faciliter notre quotidien et notre rapport aux autres. Contact infos et inscriptions Andr\u00e9e LAHORE 06 70 35 15 39 TARIF : 130\u20ac \/ an Intervenante Cathy GEINDREPsychologue Clinicienne RYTHME DES COURSTous les 15 jours hors vacances scolairesLe Lundi de 9H30 \u00e0 11H30Groupe 1 Le Mardide 14H30 \u00e0 16H30Groupe 2Salle du Foyer Comment venir au foyer ?<\/p>\n","protected":false},"author":1,"featured_media":0,"parent":0,"menu_order":0,"comment_status":"closed","ping_status":"closed","template":"","meta":{"footnotes":""},"class_list":["post-48","page","type-page","status-publish","hentry"],"_links":{"self":[{"href":"https:\/\/foyer-laique-verfeil.fr\/index.php\/wp-json\/wp\/v2\/pages\/48","targetHints":{"allow":["GET"]}}],"collection":[{"href":"https:\/\/foyer-laique-verfeil.fr\/index.php\/wp-json\/wp\/v2\/pages"}],"about":[{"href":"https:\/\/foyer-laique-verfeil.fr\/index.php\/wp-json\/wp\/v2\/types\/page"}],"author":[{"embeddable":true,"href":"https:\/\/foyer-laique-verfeil.fr\/index.php\/wp-json\/wp\/v2\/users\/1"}],"replies":[{"embeddable":true,"href":"https:\/\/foyer-laique-verfeil.fr\/index.php\/wp-json\/wp\/v2\/comments?post=48"}],"version-history":[{"count":55,"href":"https:\/\/foyer-laique-verfeil.fr\/index.php\/wp-json\/wp\/v2\/pages\/48\/revisions"}],"predecessor-version":[{"id":39728,"href":"https:\/\/foyer-laique-verfeil.fr\/index.php\/wp-json\/wp\/v2\/pages\/48\/revisions\/39728"}],"wp:attachment":[{"href":"https:\/\/foyer-laique-verfeil.fr\/index.php\/wp-json\/wp\/v2\/media?parent=48"}],"curies":[{"name":"wp","href":"https:\/\/api.w.org\/{rel}","templated":true}]}}