{"id":2550,"date":"2023-07-21T15:24:09","date_gmt":"2023-07-21T13:24:09","guid":{"rendered":"https:\/\/foyer-laique-verfeil.fr\/?page_id=2550"},"modified":"2025-08-25T17:34:39","modified_gmt":"2025-08-25T15:34:39","slug":"qi-gong-saison-2023-2024-nouveau","status":"publish","type":"page","link":"https:\/\/foyer-laique-verfeil.fr\/index.php\/qi-gong-saison-2023-2024-nouveau\/","title":{"rendered":"Qi Gong saison 2025\/2026"},"content":{"rendered":"\n<h4 class=\"wp-block-heading has-text-align-center has-vivid-red-color has-text-color has-background has-small-font-size\" style=\"background-color:#f5ebb066\">Un cours d&rsquo;essai vous permet de tester toutes nos activit\u00e9s.<br><strong><em>Votre adh\u00e9sion au Foyer (20\u20ac\/saison) est personnelle et donne acc\u00e8s \u00e0 toutes nos activit\u00e9s.<\/em><\/strong><\/h4>\n\n\n\n<h4 class=\"wp-block-heading has-text-align-center has-background\" style=\"background-color:#a2fa4b8f\"><em>PREMIER RENDEZ-VOUS VENDREDI 05 Septembre 2025<\/em><\/h4>\n\n\n\n<div class=\"wp-block-columns is-layout-flex wp-container-core-columns-is-layout-9d6595d7 wp-block-columns-is-layout-flex\">\n<div class=\"wp-block-column has-pale-ocean-gradient-background has-background is-layout-flow wp-block-column-is-layout-flow\" style=\"flex-basis:40%\">\n<h4 class=\"wp-block-heading\">Planning Qi Gong &amp; Bien-\u00eatre<\/h4>\n\n\n\n<iframe loading=\"lazy\" src=\"https:\/\/calendar.google.com\/calendar\/embed?src=3a4a04a78138ce2a56eac724d9f32313d316675ba84ca8dace2022bdcd8c7d12%40group.calendar.google.com&#038;ctz=Europe%2FParis\" style=\"border: 0\" width=\"800\" height=\"600\" frameborder=\"0\" scrolling=\"no\"><\/iframe>\n<\/div>\n\n\n\n<div class=\"wp-block-column has-background is-layout-flow wp-block-column-is-layout-flow\" style=\"background-color:#fcb90036;flex-basis:20%\">\n<h4 class=\"wp-block-heading has-text-align-center\">Infos Activit\u00e9<\/h4>\n\n\n\n<p class=\"has-text-align-center has-text-color\" style=\"color:#b71414\"><strong><em>RDV :<br>le Vendredi<\/em><\/strong><br><strong><em>de 9H30  \u00e0 10H<\/em><\/strong>30<br><em>hors vacances scolaires<\/em><br><strong>Salle du Foyer<\/strong><\/p>\n\n\n\n<p class=\"has-text-align-center has-text-color\" style=\"color:#16117b\"><strong><em>Contact :<br>Andr\u00e9e LAHORE<\/em><\/strong><br><strong><em>06 70 35 15 39<\/em><\/strong><\/p>\n\n\n\n<p class=\"has-text-align-center has-vivid-red-color has-text-color\"><strong><em>Intervenante<br>Sovanna ANG<\/em><\/strong><br>(<em>association JI JING<\/em>)<\/p>\n\n\n\n<p class=\"has-text-align-center has-text-color\" style=\"color:#068a5a\"><em><strong>TARIF ANNUEL :<\/strong><\/em><strong><em> 216\u20ac <\/em><\/strong><br><\/p>\n<\/div>\n\n\n\n<div class=\"wp-block-column has-pale-ocean-gradient-background has-background is-layout-flow wp-block-column-is-layout-flow\" style=\"flex-basis:40%\">\n<h4 class=\"wp-block-heading\">Comment venir au foyer ?<\/h4>\n\n\n\n<iframe src=\"https:\/\/www.google.com\/maps\/embed?pb=!1m18!1m12!1m3!1d2886.4609011493276!2d1.6619259154979529!3d43.65938337912113!2m3!1f0!2f0!3f0!3m2!1i1024!2i768!4f13.1!3m3!1m2!1s0xb73404760218077%3A0xed2cdbc176974289!2sFOYER%20LAIQUE!5e0!3m2!1sfr!2sfr!4v1664627997095!5m2!1sfr!2sfr\" style=\"border:0;\" allowfullscreen=\"\" loading=\"lazy\" referrerpolicy=\"no-referrer-when-downgrade\" width=\"600\" height=\"450\"><\/iframe>\n<\/div>\n<\/div>\n\n\n\n<div class=\"wp-block-columns is-layout-flex wp-container-core-columns-is-layout-9d6595d7 wp-block-columns-is-layout-flex\">\n<div class=\"wp-block-column is-layout-flow wp-block-column-is-layout-flow\" style=\"flex-basis:33.33%\">\n<h2 class=\"wp-block-heading has-text-align-center has-text-color has-link-color wp-elements-406d13e2361ff989609089dcbb347fd3\" style=\"color:#038354\">Le Qi Gong est une<\/h2>\n\n\n\n<p class=\"has-text-align-center\" style=\"font-size:24px\"><strong>voie puissante de transformation<\/strong> <strong>du corps <\/strong><br>(travail sur la structure), <br><strong>de vitalit\u00e9<\/strong> <br>(lib\u00e9ration et raffinement du souffle) <br><strong>et d\u2019apaisement<\/strong> <br>(r\u00e9gulation des \u00e9motions et techniques m\u00e9ditatives)<br>Sa pratique favorise <br><strong>la souplesse, le renforcement des muscles-tendons-articulations, l\u2019\u00e9quilibre \u00e9motionnel, l\u2019am\u00e9lioration du syst\u00e8me immunitaire<\/strong><br><strong>Il s\u2019agit de mouvements doux et lents, qui peuvent \u00eatre pratiqu\u00e9s par tous sans condition d\u2019\u00e2ge ou de forme<\/strong><\/p>\n<\/div>\n\n\n\n<div class=\"wp-block-column is-layout-flow wp-block-column-is-layout-flow\" style=\"flex-basis:66.66%\">\n<figure class=\"wp-block-image size-large\"><img loading=\"lazy\" decoding=\"async\" width=\"724\" height=\"1024\" src=\"https:\/\/foyer-laique-verfeil.fr\/wp-content\/uploads\/2025\/08\/Flyer-Qi-Gong-2025-724x1024.jpg\" alt=\"\" class=\"wp-image-39707\" srcset=\"https:\/\/foyer-laique-verfeil.fr\/wp-content\/uploads\/2025\/08\/Flyer-Qi-Gong-2025-724x1024.jpg 724w, https:\/\/foyer-laique-verfeil.fr\/wp-content\/uploads\/2025\/08\/Flyer-Qi-Gong-2025-212x300.jpg 212w, https:\/\/foyer-laique-verfeil.fr\/wp-content\/uploads\/2025\/08\/Flyer-Qi-Gong-2025-768x1086.jpg 768w, https:\/\/foyer-laique-verfeil.fr\/wp-content\/uploads\/2025\/08\/Flyer-Qi-Gong-2025-1086x1536.jpg 1086w, https:\/\/foyer-laique-verfeil.fr\/wp-content\/uploads\/2025\/08\/Flyer-Qi-Gong-2025-1140x1612.jpg 1140w, https:\/\/foyer-laique-verfeil.fr\/wp-content\/uploads\/2025\/08\/Flyer-Qi-Gong-2025.jpg 1414w\" sizes=\"auto, (max-width: 724px) 100vw, 724px\" \/><\/figure>\n<\/div>\n<\/div>\n\n\n\n<hr class=\"wp-block-separator has-alpha-channel-opacity\"\/>\n\n\n\n<h2 class=\"wp-block-heading has-text-align-center has-background\" style=\"background-color:#ecf4b3\">SAISON 2024 \/ 2025<\/h2>\n\n\n\n<div class=\"wp-block-columns is-layout-flex wp-container-core-columns-is-layout-9d6595d7 wp-block-columns-is-layout-flex\">\n<div class=\"wp-block-column is-layout-flow wp-block-column-is-layout-flow\">\n<figure class=\"wp-block-image size-full\"><img loading=\"lazy\" decoding=\"async\" width=\"861\" height=\"766\" src=\"https:\/\/foyer-laique-verfeil.fr\/wp-content\/uploads\/2024\/07\/QI-GONG.jpg\" alt=\"\" class=\"wp-image-3241\" srcset=\"https:\/\/foyer-laique-verfeil.fr\/wp-content\/uploads\/2024\/07\/QI-GONG.jpg 861w, https:\/\/foyer-laique-verfeil.fr\/wp-content\/uploads\/2024\/07\/QI-GONG-300x267.jpg 300w, https:\/\/foyer-laique-verfeil.fr\/wp-content\/uploads\/2024\/07\/QI-GONG-768x683.jpg 768w\" sizes=\"auto, (max-width: 861px) 100vw, 861px\" \/><\/figure>\n<\/div>\n\n\n\n<div class=\"wp-block-column is-layout-flow wp-block-column-is-layout-flow\" style=\"flex-basis:40%\">\n<h2 class=\"wp-block-heading has-text-align-center has-background\" style=\"background-color:#e8fa9a\">2\u00e8me saison<br>pour cet atelier&#8230;<br>Et toujours la possibilit\u00e9 d&rsquo;un cours d&rsquo;essai.<\/h2>\n<\/div>\n<\/div>\n","protected":false},"excerpt":{"rendered":"<p>Un cours d&rsquo;essai vous permet de tester toutes nos activit\u00e9s.Votre adh\u00e9sion au Foyer (20\u20ac\/saison) est personnelle et donne acc\u00e8s \u00e0 toutes nos activit\u00e9s. PREMIER RENDEZ-VOUS VENDREDI 05 Septembre 2025 Planning Qi Gong &amp; Bien-\u00eatre Infos Activit\u00e9 RDV :le Vendredide 9H30 \u00e0 10H30hors vacances scolairesSalle du Foyer Contact :Andr\u00e9e LAHORE06 70 35 15 39 IntervenanteSovanna ANG(association JI JING) TARIF ANNUEL : 216\u20ac Comment venir au foyer ? Le Qi Gong est une voie puissante de transformation du corps (travail sur la structure), de vitalit\u00e9 (lib\u00e9ration et raffinement du souffle) et d\u2019apaisement (r\u00e9gulation des \u00e9motions et techniques m\u00e9ditatives)Sa pratique favorise la souplesse, le renforcement des muscles-tendons-articulations, l\u2019\u00e9quilibre \u00e9motionnel, l\u2019am\u00e9lioration du syst\u00e8me immunitaireIl s\u2019agit de mouvements doux et lents, qui peuvent \u00eatre pratiqu\u00e9s par tous sans condition d\u2019\u00e2ge ou de forme SAISON 2024 \/ 2025 2\u00e8me saisonpour cet atelier&#8230;Et toujours la possibilit\u00e9 d&rsquo;un cours d&rsquo;essai.<\/p>\n","protected":false},"author":2,"featured_media":0,"parent":0,"menu_order":0,"comment_status":"closed","ping_status":"closed","template":"","meta":{"footnotes":""},"class_list":["post-2550","page","type-page","status-publish","hentry"],"_links":{"self":[{"href":"https:\/\/foyer-laique-verfeil.fr\/index.php\/wp-json\/wp\/v2\/pages\/2550","targetHints":{"allow":["GET"]}}],"collection":[{"href":"https:\/\/foyer-laique-verfeil.fr\/index.php\/wp-json\/wp\/v2\/pages"}],"about":[{"href":"https:\/\/foyer-laique-verfeil.fr\/index.php\/wp-json\/wp\/v2\/types\/page"}],"author":[{"embeddable":true,"href":"https:\/\/foyer-laique-verfeil.fr\/index.php\/wp-json\/wp\/v2\/users\/2"}],"replies":[{"embeddable":true,"href":"https:\/\/foyer-laique-verfeil.fr\/index.php\/wp-json\/wp\/v2\/comments?post=2550"}],"version-history":[{"count":25,"href":"https:\/\/foyer-laique-verfeil.fr\/index.php\/wp-json\/wp\/v2\/pages\/2550\/revisions"}],"predecessor-version":[{"id":39720,"href":"https:\/\/foyer-laique-verfeil.fr\/index.php\/wp-json\/wp\/v2\/pages\/2550\/revisions\/39720"}],"wp:attachment":[{"href":"https:\/\/foyer-laique-verfeil.fr\/index.php\/wp-json\/wp\/v2\/media?parent=2550"}],"curies":[{"name":"wp","href":"https:\/\/api.w.org\/{rel}","templated":true}]}}