{"id":2547,"date":"2023-07-21T15:23:11","date_gmt":"2023-07-21T13:23:11","guid":{"rendered":"https:\/\/foyer-laique-verfeil.fr\/?page_id=2547"},"modified":"2025-08-25T17:38:31","modified_gmt":"2025-08-25T15:38:31","slug":"tai-chi-chuan-saison-2023-2024-nouveau","status":"publish","type":"page","link":"https:\/\/foyer-laique-verfeil.fr\/index.php\/tai-chi-chuan-saison-2023-2024-nouveau\/","title":{"rendered":"Ta\u00ef Chi Chuan saison 2025\/2026"},"content":{"rendered":"\n<h4 class=\"wp-block-heading has-text-align-center has-vivid-red-color has-text-color has-background has-small-font-size\" style=\"background-color:#f5ebb066\">Un cours d&rsquo;essai vous permet de tester toutes nos activit\u00e9s.<br><strong><em>Votre adh\u00e9sion au Foyer (20\u20ac\/saison) est personnelle et donne acc\u00e8s \u00e0 toutes nos activit\u00e9s.<\/em><\/strong><\/h4>\n\n\n\n<h4 class=\"wp-block-heading has-text-align-center has-background\" style=\"background-color:#cef7487d\"><em>PREMIER RENDEZ-VOUS MARDI 02 Septembre 2025<\/em><\/h4>\n\n\n\n<div class=\"wp-block-columns is-layout-flex wp-container-core-columns-is-layout-9d6595d7 wp-block-columns-is-layout-flex\">\n<div class=\"wp-block-column has-pale-ocean-gradient-background has-background is-layout-flow wp-block-column-is-layout-flow\" style=\"flex-basis:40%\">\n<h4 class=\"wp-block-heading\">Planning Ta\u00ef Chi Chuan &amp; Bien-\u00eatre<\/h4>\n\n\n\n<iframe loading=\"lazy\" src=\"https:\/\/calendar.google.com\/calendar\/embed?src=3a4a04a78138ce2a56eac724d9f32313d316675ba84ca8dace2022bdcd8c7d12%40group.calendar.google.com&#038;ctz=Europe%2FParis\" style=\"border: 0\" width=\"800\" height=\"600\" frameborder=\"0\" scrolling=\"no\"><\/iframe>\n<\/div>\n\n\n\n<div class=\"wp-block-column has-background is-layout-flow wp-block-column-is-layout-flow\" style=\"background-color:#fcb90036;flex-basis:20%\">\n<h4 class=\"wp-block-heading has-text-align-center\">Infos Activit\u00e9<\/h4>\n\n\n\n<p class=\"has-text-align-center has-text-color\" style=\"color:#b71414\"><strong><em>RDV :<br>le Mardi <br>de 18H45 \u00e0 19H45<\/em><\/strong><br><em>hors vacances scolaires<\/em><br><strong>Salle du Foyer<\/strong><\/p>\n\n\n\n<p class=\"has-text-align-center has-text-color\" style=\"color:#16117b\"><strong><em>Contact :<br>Andr\u00e9e LAHORE<\/em><\/strong><br><strong><em>06 70 35 15 39<\/em><\/strong><br><strong><em>Intervenante<br>Sovanna ANG<\/em><\/strong><br>(<em>association JI JING<\/em>)<\/p>\n\n\n\n<p class=\"has-text-align-center has-text-color\" style=\"color:#129c14\"><em><strong>TARIF ANNUEL :<\/strong><\/em><br><strong><em> 216\u20ac <\/em><\/strong><\/p>\n<\/div>\n\n\n\n<div class=\"wp-block-column has-pale-ocean-gradient-background has-background is-layout-flow wp-block-column-is-layout-flow\" style=\"flex-basis:40%\">\n<h4 class=\"wp-block-heading\">Comment venir au foyer ?<\/h4>\n\n\n\n<iframe src=\"https:\/\/www.google.com\/maps\/embed?pb=!1m18!1m12!1m3!1d2886.4609011493276!2d1.6619259154979529!3d43.65938337912113!2m3!1f0!2f0!3f0!3m2!1i1024!2i768!4f13.1!3m3!1m2!1s0xb73404760218077%3A0xed2cdbc176974289!2sFOYER%20LAIQUE!5e0!3m2!1sfr!2sfr!4v1664627997095!5m2!1sfr!2sfr\" style=\"border:0;\" allowfullscreen=\"\" loading=\"lazy\" referrerpolicy=\"no-referrer-when-downgrade\" width=\"600\" height=\"450\"><\/iframe>\n<\/div>\n<\/div>\n\n\n\n<div class=\"wp-block-columns is-layout-flex wp-container-core-columns-is-layout-9d6595d7 wp-block-columns-is-layout-flex\">\n<div class=\"wp-block-column is-layout-flow wp-block-column-is-layout-flow\" style=\"flex-basis:66.66%\">\n<figure class=\"wp-block-image size-large\"><img loading=\"lazy\" decoding=\"async\" width=\"724\" height=\"1024\" src=\"https:\/\/foyer-laique-verfeil.fr\/wp-content\/uploads\/2025\/08\/Flyer-Tai-Chi-2025-724x1024.jpg\" alt=\"\" class=\"wp-image-39708\" srcset=\"https:\/\/foyer-laique-verfeil.fr\/wp-content\/uploads\/2025\/08\/Flyer-Tai-Chi-2025-724x1024.jpg 724w, https:\/\/foyer-laique-verfeil.fr\/wp-content\/uploads\/2025\/08\/Flyer-Tai-Chi-2025-212x300.jpg 212w, https:\/\/foyer-laique-verfeil.fr\/wp-content\/uploads\/2025\/08\/Flyer-Tai-Chi-2025-768x1086.jpg 768w, https:\/\/foyer-laique-verfeil.fr\/wp-content\/uploads\/2025\/08\/Flyer-Tai-Chi-2025-1086x1536.jpg 1086w, https:\/\/foyer-laique-verfeil.fr\/wp-content\/uploads\/2025\/08\/Flyer-Tai-Chi-2025-1140x1612.jpg 1140w, https:\/\/foyer-laique-verfeil.fr\/wp-content\/uploads\/2025\/08\/Flyer-Tai-Chi-2025.jpg 1414w\" sizes=\"auto, (max-width: 724px) 100vw, 724px\" \/><\/figure>\n<\/div>\n\n\n\n<div class=\"wp-block-column is-layout-flow wp-block-column-is-layout-flow\" style=\"flex-basis:33.33%\">\n<div style=\"height:100px\" aria-hidden=\"true\" class=\"wp-block-spacer\"><\/div>\n\n\n\n<h3 class=\"wp-block-heading has-text-align-center has-text-color has-link-color wp-elements-991ffe5ea84d4b8bbe216c59f2cf8418\" style=\"color:#038354\">LE TA\u00cf CHI <\/h3>\n\n\n\n<p class=\"has-text-align-center\" style=\"font-size:24px\"><strong>La forme qui est \u00e9tudi\u00e9e est le style yang<\/strong> <br>qui comporte 108 mouvements orchestr\u00e9s dans 3 grandes parties <br>(le Ciel, la Terre et l\u2019Homme), <br>tel <strong>un tableau qui figure une \u00ab&nbsp;danse&nbsp;de la vie&nbsp;\u00bb, de \u00ab&nbsp;l\u2019ici et maintenant&nbsp;\u00bb<\/strong>. <br><br><strong>Il s\u2019agit d\u2019une pratique lente et rel\u00e2ch\u00e9e, qui peut \u00eatre pratiqu\u00e9e par tous sans condition d\u2019\u00e2ge ou de forme<\/strong><\/p>\n<\/div>\n<\/div>\n\n\n\n<hr class=\"wp-block-separator has-alpha-channel-opacity\"\/>\n\n\n\n<h2 class=\"wp-block-heading has-text-align-center has-background\" style=\"background-color:#b2f7e9\">SAISON 2024 \/ 2025<\/h2>\n\n\n\n<div class=\"wp-block-columns is-layout-flex wp-container-core-columns-is-layout-9d6595d7 wp-block-columns-is-layout-flex\">\n<div class=\"wp-block-column is-layout-flow wp-block-column-is-layout-flow\" style=\"flex-basis:60%\">\n<figure class=\"wp-block-image size-full\"><img loading=\"lazy\" decoding=\"async\" width=\"861\" height=\"604\" src=\"https:\/\/foyer-laique-verfeil.fr\/wp-content\/uploads\/2024\/07\/TCC.jpg\" alt=\"\" class=\"wp-image-3242\" srcset=\"https:\/\/foyer-laique-verfeil.fr\/wp-content\/uploads\/2024\/07\/TCC.jpg 861w, https:\/\/foyer-laique-verfeil.fr\/wp-content\/uploads\/2024\/07\/TCC-300x210.jpg 300w, https:\/\/foyer-laique-verfeil.fr\/wp-content\/uploads\/2024\/07\/TCC-768x539.jpg 768w\" sizes=\"auto, (max-width: 861px) 100vw, 861px\" \/><\/figure>\n<\/div>\n\n\n\n<div class=\"wp-block-column is-layout-flow wp-block-column-is-layout-flow\">\n<h2 class=\"wp-block-heading has-text-align-center has-background\" style=\"background-color:#e8fa9a\">2\u00e8me saison<br>pour cet atelier&#8230;<br>Et toujours la possibilit\u00e9 d&rsquo;un cours d&rsquo;essai.<\/h2>\n<\/div>\n<\/div>\n","protected":false},"excerpt":{"rendered":"<p>Un cours d&rsquo;essai vous permet de tester toutes nos activit\u00e9s.Votre adh\u00e9sion au Foyer (20\u20ac\/saison) est personnelle et donne acc\u00e8s \u00e0 toutes nos activit\u00e9s. PREMIER RENDEZ-VOUS MARDI 02 Septembre 2025 Planning Ta\u00ef Chi Chuan &amp; Bien-\u00eatre Infos Activit\u00e9 RDV :le Mardi de 18H45 \u00e0 19H45hors vacances scolairesSalle du Foyer Contact :Andr\u00e9e LAHORE06 70 35 15 39IntervenanteSovanna ANG(association JI JING) TARIF ANNUEL : 216\u20ac Comment venir au foyer ? LE TA\u00cf CHI La forme qui est \u00e9tudi\u00e9e est le style yang qui comporte 108 mouvements orchestr\u00e9s dans 3 grandes parties (le Ciel, la Terre et l\u2019Homme), tel un tableau qui figure une \u00ab&nbsp;danse&nbsp;de la vie&nbsp;\u00bb, de \u00ab&nbsp;l\u2019ici et maintenant&nbsp;\u00bb. Il s\u2019agit d\u2019une pratique lente et rel\u00e2ch\u00e9e, qui peut \u00eatre pratiqu\u00e9e par tous sans condition d\u2019\u00e2ge ou de forme SAISON 2024 \/ 2025 2\u00e8me saisonpour cet atelier&#8230;Et toujours la possibilit\u00e9 d&rsquo;un cours d&rsquo;essai.<\/p>\n","protected":false},"author":2,"featured_media":0,"parent":0,"menu_order":0,"comment_status":"closed","ping_status":"closed","template":"","meta":{"footnotes":""},"class_list":["post-2547","page","type-page","status-publish","hentry"],"_links":{"self":[{"href":"https:\/\/foyer-laique-verfeil.fr\/index.php\/wp-json\/wp\/v2\/pages\/2547","targetHints":{"allow":["GET"]}}],"collection":[{"href":"https:\/\/foyer-laique-verfeil.fr\/index.php\/wp-json\/wp\/v2\/pages"}],"about":[{"href":"https:\/\/foyer-laique-verfeil.fr\/index.php\/wp-json\/wp\/v2\/types\/page"}],"author":[{"embeddable":true,"href":"https:\/\/foyer-laique-verfeil.fr\/index.php\/wp-json\/wp\/v2\/users\/2"}],"replies":[{"embeddable":true,"href":"https:\/\/foyer-laique-verfeil.fr\/index.php\/wp-json\/wp\/v2\/comments?post=2547"}],"version-history":[{"count":16,"href":"https:\/\/foyer-laique-verfeil.fr\/index.php\/wp-json\/wp\/v2\/pages\/2547\/revisions"}],"predecessor-version":[{"id":39723,"href":"https:\/\/foyer-laique-verfeil.fr\/index.php\/wp-json\/wp\/v2\/pages\/2547\/revisions\/39723"}],"wp:attachment":[{"href":"https:\/\/foyer-laique-verfeil.fr\/index.php\/wp-json\/wp\/v2\/media?parent=2547"}],"curies":[{"name":"wp","href":"https:\/\/api.w.org\/{rel}","templated":true}]}}