{"id":17,"date":"2022-10-01T14:43:22","date_gmt":"2022-10-01T12:43:22","guid":{"rendered":"http:\/\/foyer.test\/?page_id=17"},"modified":"2024-07-10T10:01:45","modified_gmt":"2024-07-10T08:01:45","slug":"avantages-de-ladhesion","status":"publish","type":"page","link":"https:\/\/foyer-laique-verfeil.fr\/index.php\/avantages-de-ladhesion\/","title":{"rendered":"l&rsquo;Adh\u00e9sion 2024 \/ 2025"},"content":{"rendered":"\n<h4 class=\"wp-block-heading has-text-align-center has-vivid-red-color has-text-color has-background\" style=\"background-color:#f5ebb066\">Un cours d&rsquo;essai vous permet de tester toutes nos activit\u00e9s.<br><strong><em>Votre adh\u00e9sion au Foyer (20\u20ac\/saison) est personnelle et donne acc\u00e8s \u00e0 toutes nos activit\u00e9s.<\/em><\/strong><\/h4>\n\n\n\n<div class=\"wp-block-columns is-layout-flex wp-container-core-columns-is-layout-9d6595d7 wp-block-columns-is-layout-flex\">\n<div class=\"wp-block-column is-layout-flow wp-block-column-is-layout-flow\" style=\"flex-basis:32%\">\n<h2 class=\"wp-block-heading has-text-align-right has-background\" id=\"block-7e73a319-acb8-4f8b-9fe9-575b084a8805\" style=\"background-color:#aff7df61;font-size:24px\">Une carte d&rsquo;adh\u00e9sion individuelle de 20\u20ac<br>Valable de Septembre \u00e0 Septembre<\/h2>\n\n\n\n<h2 class=\"wp-block-heading has-text-align-center has-vivid-red-color has-text-color\">Si vous \u00e9tiez adh\u00e9rent la saison derni\u00e8re, votre fiche d&rsquo;inscription est pr\u00e9remplie. <br>Si c&rsquo;est votre premi\u00e8re inscription vous pouvez t\u00e9l\u00e9charger votre bulletin d&rsquo;adh\u00e9sion depuis le site. <a href=\"https:\/\/foyer-laique-verfeil.fr\/wp-content\/uploads\/2024\/07\/fiche-adh-A5-VIERGE-Recto-2024-25.jpg\" data-lbwps-width=\"874\" data-lbwps-height=\"1240\" data-lbwps-srcsmall=\"https:\/\/foyer-laique-verfeil.fr\/wp-content\/uploads\/2024\/07\/fiche-adh-A5-VIERGE-Recto-2024-25-211x300.jpg\">ICI<\/a> <strong>pour les infos<\/strong><br>et <a href=\"https:\/\/foyer-laique-verfeil.fr\/wp-content\/uploads\/2024\/07\/fiche-adh-A5-VIERGE-Verso-2024-25.jpg\" data-lbwps-width=\"874\" data-lbwps-height=\"1240\" data-lbwps-srcsmall=\"https:\/\/foyer-laique-verfeil.fr\/wp-content\/uploads\/2024\/07\/fiche-adh-A5-VIERGE-Verso-2024-25-211x300.jpg\">ICI <\/a><strong>pour le verso<\/strong><\/h2>\n<\/div>\n\n\n\n<div class=\"wp-block-column is-layout-flow wp-block-column-is-layout-flow\" style=\"flex-basis:34%\">\n<p class=\"has-text-align-center\" style=\"font-size:24px\"><strong><em>Chaque ann\u00e9e l&rsquo;adh\u00e9sion vous permet de vous inscrire aux activit\u00e9s qu&rsquo;elles soient gratuites (anim\u00e9es par des b\u00e9n\u00e9voles) ou \u00e0 prix tr\u00e8s ajust\u00e9 (anim\u00e9es par des professionnels)<\/em><\/strong><\/p>\n\n\n\n<h2 class=\"wp-block-heading has-text-align-center\">Les infos<\/h2>\n\n\n\n<p class=\"has-text-align-right has-background\" style=\"background-color:#7bdbb536;font-size:24px\"><strong><em>Des lettres d\u2019information sont r\u00e9dig\u00e9es tout au long de l\u2019ann\u00e9e et envoy\u00e9es aux adh\u00e9rents pour les informer des \u00e9volutions et rendez-vous \u00e0 venir.<\/em><\/strong><\/p>\n<\/div>\n\n\n\n<div class=\"wp-block-column is-layout-flow wp-block-column-is-layout-flow\" style=\"flex-basis:33%\"><div class=\"wp-block-image\">\n<figure class=\"aligncenter size-full is-resized\"><img loading=\"lazy\" decoding=\"async\" width=\"965\" height=\"637\" src=\"https:\/\/foyer-laique-verfeil.fr\/wp-content\/uploads\/2022\/10\/logo-photo.jpg\" alt=\"\" class=\"wp-image-554\" style=\"width:268px;height:176px\" srcset=\"https:\/\/foyer-laique-verfeil.fr\/wp-content\/uploads\/2022\/10\/logo-photo.jpg 965w, https:\/\/foyer-laique-verfeil.fr\/wp-content\/uploads\/2022\/10\/logo-photo-300x198.jpg 300w, https:\/\/foyer-laique-verfeil.fr\/wp-content\/uploads\/2022\/10\/logo-photo-768x507.jpg 768w\" sizes=\"auto, (max-width: 965px) 100vw, 965px\" \/><\/figure>\n<\/div>\n\n\n<h2 class=\"wp-block-heading\">Quand vous inscrire ?<\/h2>\n\n\n\n<p class=\"has-black-color has-text-color has-background has-medium-font-size\" style=\"background-color:#faf7d98c\"><strong>Le jour de l&rsquo;Assembl\u00e9e G\u00e9n\u00e9rale  ou lors de l&rsquo;inscription \u00e0 votre 1\u00e8re activit\u00e9 <\/strong><\/p>\n\n\n\n<p class=\"has-text-align-center has-vivid-red-color has-text-color has-background has-medium-font-size\" style=\"background-color:#faf7d98c\"><strong><em>PR\u00c9VOYEZ UN CH\u00c8QUE S\u00c9PAR\u00c9 de 20\u20ac) <\/em><\/strong><\/p>\n\n\n\n<p class=\"has-black-color has-text-color has-background has-medium-font-size\" style=\"background-color:#faf7d98c\"><strong><br>Lors d&rsquo;une inscription \u00e0 un atelier suppl\u00e9mentaire, pr\u00e9cisez bien que vous \u00eates d\u00e9j\u00e0 adh\u00e9rent.<\/strong><br><\/p>\n<\/div>\n<\/div>\n\n\n\n<h2 class=\"wp-block-heading has-text-align-center\">LES ADH\u00c9RENTS SONT AU C\u0152UR DU FOYER<\/h2>\n\n\n\n<p class=\"has-text-align-center\">Tout adh\u00e9rent \u00e0 jour de sa cotisation peut \u00eatre candidat \u00e0 l&rsquo;\u00e9lection au Conseil d&rsquo;Administration lors de l&rsquo;Assembl\u00e9e G\u00e9n\u00e9rale. <br>Vous \u00eates emp\u00each\u00e9 pour l&rsquo;Assembl\u00e9e G\u00e9n\u00e9rale ? Pensez \u00e0 fournir un \u00ab\u00a0pouvoir de voter en mon nom\u00a0\u00bb .<br>A la convocation sont joints un \u00ab\u00a0pouvoir de voter en mon nom\u00a0\u00bb et un formulaire de \u00ab\u00a0candidature au Conseil d&rsquo;Administration\u00a0\u00bb,qui doivent parvenir au Pr\u00e9sident 1 semaine avant l&rsquo;A.G.<br><\/p>\n\n\n\n<div class=\"wp-block-columns is-layout-flex wp-container-core-columns-is-layout-9d6595d7 wp-block-columns-is-layout-flex\">\n<div class=\"wp-block-column is-layout-flow wp-block-column-is-layout-flow\" style=\"flex-basis:40%\">\n<h2 class=\"wp-block-heading\">Association Loi de 1901<\/h2>\n\n\n\n<p class=\"has-background\" style=\"background-color:#b5f5dd4f\">Le Foyer La\u00efque est une association Loi 1901 d\u00e9clar\u00e9e en Pr\u00e9fecture et approuv\u00e9e au Journal Officiel.<br>Les adh\u00e9rents \u00e9lisent un Conseil d\u2019Administration (C.A.) en Assembl\u00e9e G\u00e9n\u00e9rale (A.G.).<br>Le C.A. \u00e9lit le Bureau organe actif et d\u00e9cisionnaire du quotidien de l\u2019association durant la saison.<\/p>\n<\/div>\n\n\n\n<div class=\"wp-block-column is-layout-flow wp-block-column-is-layout-flow\" style=\"flex-basis:55%\">\n<h2 class=\"wp-block-heading\">Assembl\u00e9e g\u00e9n\u00e9rale<\/h2>\n\n\n\n<p>Proc\u00e9d\u00e9 d\u00e9mocratique qui permet aux adh\u00e9rents de prendre part \u00e0 la vie, \u00e0 l\u2019\u00e9volution et aux objectifs du Foyer. Naturellement chaque adh\u00e9rent est convoqu\u00e9 personnellement aux Assembl\u00e9es G\u00e9n\u00e9rales annuelles voire extraordinaires. Y ont pr\u00e9sent\u00e9s les rapports d\u2019activit\u00e9s et de tr\u00e9sorerie soumis \u00e0 l\u2019approbation de membres pr\u00e9sents ou repr\u00e9sent\u00e9s.<br>Les projets, pr\u00e9visions ou suggestions y sont propos\u00e9s et le conseil d\u2019administration y est \u00e9lu.<\/p>\n<\/div>\n<\/div>\n","protected":false},"excerpt":{"rendered":"<p>Un cours d&rsquo;essai vous permet de tester toutes nos activit\u00e9s.Votre adh\u00e9sion au Foyer (20\u20ac\/saison) est personnelle et donne acc\u00e8s \u00e0 toutes nos activit\u00e9s. Une carte d&rsquo;adh\u00e9sion individuelle de 20\u20acValable de Septembre \u00e0 Septembre Si vous \u00e9tiez adh\u00e9rent la saison derni\u00e8re, votre fiche d&rsquo;inscription est pr\u00e9remplie. Si c&rsquo;est votre premi\u00e8re inscription vous pouvez t\u00e9l\u00e9charger votre bulletin d&rsquo;adh\u00e9sion depuis le site. ICI pour les infoset ICI pour le verso Chaque ann\u00e9e l&rsquo;adh\u00e9sion vous permet de vous inscrire aux activit\u00e9s qu&rsquo;elles soient gratuites (anim\u00e9es par des b\u00e9n\u00e9voles) ou \u00e0 prix tr\u00e8s ajust\u00e9 (anim\u00e9es par des professionnels) Les infos Des lettres d\u2019information sont r\u00e9dig\u00e9es tout au long de l\u2019ann\u00e9e et envoy\u00e9es aux adh\u00e9rents pour les informer des \u00e9volutions et rendez-vous \u00e0 venir. Quand vous inscrire ? Le jour de l&rsquo;Assembl\u00e9e G\u00e9n\u00e9rale ou lors de l&rsquo;inscription \u00e0 votre 1\u00e8re activit\u00e9 PR\u00c9VOYEZ UN CH\u00c8QUE S\u00c9PAR\u00c9 de 20\u20ac) Lors d&rsquo;une inscription \u00e0 un atelier suppl\u00e9mentaire, pr\u00e9cisez bien que vous \u00eates d\u00e9j\u00e0 adh\u00e9rent. LES ADH\u00c9RENTS SONT AU C\u0152UR DU FOYER Tout adh\u00e9rent \u00e0 jour de sa cotisation peut \u00eatre candidat \u00e0 l&rsquo;\u00e9lection au Conseil d&rsquo;Administration lors de l&rsquo;Assembl\u00e9e G\u00e9n\u00e9rale. Vous \u00eates emp\u00each\u00e9 pour l&rsquo;Assembl\u00e9e G\u00e9n\u00e9rale ? Pensez \u00e0 fournir un \u00ab\u00a0pouvoir de voter en mon nom\u00a0\u00bb .A la convocation sont joints un \u00ab\u00a0pouvoir de voter en mon nom\u00a0\u00bb et un formulaire de \u00ab\u00a0candidature au Conseil d&rsquo;Administration\u00a0\u00bb,qui doivent parvenir au Pr\u00e9sident 1 semaine avant l&rsquo;A.G. Association Loi de 1901 Le Foyer La\u00efque est une association Loi 1901 d\u00e9clar\u00e9e en Pr\u00e9fecture et approuv\u00e9e au Journal Officiel.Les adh\u00e9rents \u00e9lisent un Conseil d\u2019Administration (C.A.) en Assembl\u00e9e G\u00e9n\u00e9rale (A.G.).Le C.A. \u00e9lit le Bureau organe actif et d\u00e9cisionnaire du quotidien de l\u2019association durant la saison. Assembl\u00e9e g\u00e9n\u00e9rale Proc\u00e9d\u00e9 d\u00e9mocratique qui permet aux adh\u00e9rents de prendre part \u00e0 la vie, \u00e0 l\u2019\u00e9volution et aux objectifs du Foyer. Naturellement chaque adh\u00e9rent est convoqu\u00e9 personnellement aux Assembl\u00e9es G\u00e9n\u00e9rales annuelles voire extraordinaires. Y ont pr\u00e9sent\u00e9s les rapports d\u2019activit\u00e9s et de tr\u00e9sorerie soumis \u00e0 l\u2019approbation de membres pr\u00e9sents ou repr\u00e9sent\u00e9s.Les projets, pr\u00e9visions ou suggestions y sont propos\u00e9s et le conseil d\u2019administration y est \u00e9lu.<\/p>\n","protected":false},"author":1,"featured_media":0,"parent":0,"menu_order":0,"comment_status":"closed","ping_status":"closed","template":"","meta":{"footnotes":""},"class_list":["post-17","page","type-page","status-publish","hentry"],"_links":{"self":[{"href":"https:\/\/foyer-laique-verfeil.fr\/index.php\/wp-json\/wp\/v2\/pages\/17","targetHints":{"allow":["GET"]}}],"collection":[{"href":"https:\/\/foyer-laique-verfeil.fr\/index.php\/wp-json\/wp\/v2\/pages"}],"about":[{"href":"https:\/\/foyer-laique-verfeil.fr\/index.php\/wp-json\/wp\/v2\/types\/page"}],"author":[{"embeddable":true,"href":"https:\/\/foyer-laique-verfeil.fr\/index.php\/wp-json\/wp\/v2\/users\/1"}],"replies":[{"embeddable":true,"href":"https:\/\/foyer-laique-verfeil.fr\/index.php\/wp-json\/wp\/v2\/comments?post=17"}],"version-history":[{"count":22,"href":"https:\/\/foyer-laique-verfeil.fr\/index.php\/wp-json\/wp\/v2\/pages\/17\/revisions"}],"predecessor-version":[{"id":3225,"href":"https:\/\/foyer-laique-verfeil.fr\/index.php\/wp-json\/wp\/v2\/pages\/17\/revisions\/3225"}],"wp:attachment":[{"href":"https:\/\/foyer-laique-verfeil.fr\/index.php\/wp-json\/wp\/v2\/media?parent=17"}],"curies":[{"name":"wp","href":"https:\/\/api.w.org\/{rel}","templated":true}]}}